{"id":59,"date":"2020-05-19T08:24:32","date_gmt":"2020-05-19T06:24:32","guid":{"rendered":"https:\/\/bridge365.qodeinteractive.com\/?page_id=59"},"modified":"2025-01-15T08:35:58","modified_gmt":"2025-01-15T07:35:58","slug":"home","status":"publish","type":"page","link":"https:\/\/asso-innae.fr\/","title":{"rendered":"Accueil"},"content":{"rendered":"\t\t<div data-elementor-type=\"wp-page\" data-elementor-id=\"59\" class=\"elementor elementor-59\">\n\t\t\t\t\t\t<section class=\"elementor-section elementor-top-section elementor-element elementor-element-ffbb073 elementor-section-full_width qode_elementor_container_inner elementor-section-height-default elementor-section-height-default parallax_section_no\" data-id=\"ffbb073\" data-element_type=\"section\" data-e-type=\"section\">\n\t\t\t\t\t\t<div class=\"elementor-container elementor-column-gap-no\">\n\t\t\t\t\t<div class=\"elementor-column elementor-col-100 elementor-top-column elementor-element elementor-element-3e28078\" data-id=\"3e28078\" data-element_type=\"column\" data-e-type=\"column\">\n\t\t\t<div class=\"elementor-widget-wrap elementor-element-populated\">\n\t\t\t\t\t\t<div class=\"elementor-element elementor-element-82cb9ae elementor-widget elementor-widget-heading\" data-id=\"82cb9ae\" data-element_type=\"widget\" data-e-type=\"widget\" data-widget_type=\"heading.default\">\n\t\t\t\t<div class=\"elementor-widget-container\">\n\t\t\t\t\t<h1 class=\"elementor-heading-title elementor-size-large\">Avec InnA\u00c9, ensemble, innovons pour l'\u00e9ducation !<\/h1>\t\t\t\t<\/div>\n\t\t\t\t<\/div>\n\t\t\t\t\t<\/div>\n\t\t<\/div>\n\t\t\t\t\t<\/div>\n\t\t<\/section>\n\t\t\t\t<section class=\"elementor-section elementor-top-section elementor-element elementor-element-c55609b elementor-section-boxed elementor-section-height-default elementor-section-height-default parallax_section_no qode_elementor_container_no\" data-id=\"c55609b\" data-element_type=\"section\" data-e-type=\"section\">\n\t\t\t\t\t\t<div class=\"elementor-container elementor-column-gap-default\">\n\t\t\t\t\t<div class=\"elementor-column elementor-col-100 elementor-top-column elementor-element elementor-element-46b32f6\" data-id=\"46b32f6\" data-element_type=\"column\" data-e-type=\"column\">\n\t\t\t<div class=\"elementor-widget-wrap elementor-element-populated\">\n\t\t\t\t\t\t<div class=\"elementor-element elementor-element-74321d1 elementor-widget elementor-widget-text-editor\" data-id=\"74321d1\" data-element_type=\"widget\" data-e-type=\"widget\" data-widget_type=\"text-editor.default\">\n\t\t\t\t<div class=\"elementor-widget-container\">\n\t\t\t\t\t\t\t\t\t<p style=\"text-align: center;\">\u00a0 \u00a0 \u00a0 \u00a0 \u00a0 Etre parent r\u00e9serve beaucoup de bonheur mais est parfois difficile et il n\u2019y a pas d\u2019\u00e9cole pour apprendre \u00e0 \u00e9duquer ! Quand on est professionnel de l\u2019\u00e9ducation, on se rend compte que chaque enfant est diff\u00e9rent et que le sujet de l\u2019\u00e9ducation m\u00e9rite un questionnement permanent. C\u2019est en partant de ces constats que l\u2019association InnA\u00c9 est n\u00e9e en Franche Comt\u00e9, \u00e0 Besan\u00e7on !\u00a0\u00a0 Elle propose un espace pour favoriser l&#8217;exp\u00e9rimentation, l&#8217;\u00e9change et l&#8217;apprentissage afin d\u2019enrichir ses savoirs faire et savoirs \u00eatre en mati\u00e8re d\u2019\u00e9ducation et de d\u00e9velopper la confiance en soi. Dans cette intention, InnA\u00c9 organise un congr\u00e8s bisannuel et des Jard&#8217;InnA\u00c9 ! Les jard&#8217;InnA\u00c9 sont des approfondissements des th\u00e9matiques du congr\u00e8s en petits groupes.\u00a0<\/p><p style=\"text-align: center;\">En famille et\/ou dans un cadre professionnel, nous esp\u00e9rons que nos actions vont vous soutenir dans votre r\u00e9flexion et dans vos actions aupr\u00e8s des enfants et des adolescents que vous accompagnez !\u00a0<a href=\"https:\/\/asso-innae.fr\/?page_id=222#association\">En savoir plus&#8230;<\/a><\/p><p>\u00a0<\/p><p style=\"text-align: center;\"><em><strong>L&#8217;\u00e9quipe d&#8217; Inna\u00e9<\/strong>\u00a0<\/em><\/p>\t\t\t\t\t\t\t\t<\/div>\n\t\t\t\t<\/div>\n\t\t\t\t\t<\/div>\n\t\t<\/div>\n\t\t\t\t\t<\/div>\n\t\t<\/section>\n\t\t\t\t<section class=\"elementor-section elementor-top-section elementor-element elementor-element-e8cc861 elementor-section-boxed elementor-section-height-default elementor-section-height-default parallax_section_no qode_elementor_container_no\" data-id=\"e8cc861\" data-element_type=\"section\" data-e-type=\"section\">\n\t\t\t\t\t\t<div class=\"elementor-container elementor-column-gap-default\">\n\t\t\t\t\t<div class=\"elementor-column elementor-col-100 elementor-top-column elementor-element elementor-element-9de464c\" data-id=\"9de464c\" data-element_type=\"column\" data-e-type=\"column\">\n\t\t\t<div class=\"elementor-widget-wrap elementor-element-populated\">\n\t\t\t\t\t\t<div class=\"elementor-element elementor-element-be9211a elementor-widget elementor-widget-heading\" data-id=\"be9211a\" data-element_type=\"widget\" data-e-type=\"widget\" data-widget_type=\"heading.default\">\n\t\t\t\t<div class=\"elementor-widget-container\">\n\t\t\t\t\t<h3 class=\"elementor-heading-title elementor-size-default\">D\u00e9couvrez notre association en vid\u00e9o<\/h3>\t\t\t\t<\/div>\n\t\t\t\t<\/div>\n\t\t\t\t\t<\/div>\n\t\t<\/div>\n\t\t\t\t\t<\/div>\n\t\t<\/section>\n\t\t\t\t<section class=\"elementor-section elementor-top-section elementor-element elementor-element-990ee9b elementor-section-boxed elementor-section-height-default elementor-section-height-default parallax_section_no qode_elementor_container_no\" data-id=\"990ee9b\" data-element_type=\"section\" data-e-type=\"section\">\n\t\t\t\t\t\t<div class=\"elementor-container elementor-column-gap-default\">\n\t\t\t\t\t<div class=\"elementor-column elementor-col-100 elementor-top-column elementor-element elementor-element-adff137\" data-id=\"adff137\" data-element_type=\"column\" data-e-type=\"column\">\n\t\t\t<div class=\"elementor-widget-wrap elementor-element-populated\">\n\t\t\t\t\t\t<div class=\"elementor-element elementor-element-9c50472 elementor-widget elementor-widget-video\" data-id=\"9c50472\" data-element_type=\"widget\" data-e-type=\"widget\" data-settings=\"{&quot;youtube_url&quot;:&quot;https:\\\/\\\/youtu.be\\\/DNnwJ1TLYvQ&quot;,&quot;video_type&quot;:&quot;youtube&quot;,&quot;controls&quot;:&quot;yes&quot;}\" data-widget_type=\"video.default\">\n\t\t\t\t<div class=\"elementor-widget-container\">\n\t\t\t\t\t\t\t<div class=\"elementor-wrapper elementor-open-inline\">\n\t\t\t<div class=\"elementor-video\"><\/div>\t\t<\/div>\n\t\t\t\t\t\t<\/div>\n\t\t\t\t<\/div>\n\t\t\t\t\t<\/div>\n\t\t<\/div>\n\t\t\t\t\t<\/div>\n\t\t<\/section>\n\t\t\t\t<section class=\"elementor-section elementor-top-section elementor-element elementor-element-14ea162 elementor-section-boxed elementor-section-height-default elementor-section-height-default parallax_section_no qode_elementor_container_no\" data-id=\"14ea162\" data-element_type=\"section\" data-e-type=\"section\">\n\t\t\t\t\t\t<div class=\"elementor-container elementor-column-gap-default\">\n\t\t\t\t\t<div class=\"elementor-column elementor-col-100 elementor-top-column elementor-element elementor-element-6030892\" data-id=\"6030892\" data-element_type=\"column\" data-e-type=\"column\">\n\t\t\t<div class=\"elementor-widget-wrap elementor-element-populated\">\n\t\t\t\t\t\t<div class=\"elementor-element elementor-element-236b5a0 elementor-widget elementor-widget-heading\" data-id=\"236b5a0\" data-element_type=\"widget\" data-e-type=\"widget\" data-widget_type=\"heading.default\">\n\t\t\t\t<div class=\"elementor-widget-container\">\n\t\t\t\t\t<h3 class=\"elementor-heading-title elementor-size-default\">Participez chaque mois \u00e0 un atelier : Jard'InnA\u00c9<\/h3>\t\t\t\t<\/div>\n\t\t\t\t<\/div>\n\t\t\t\t\t<\/div>\n\t\t<\/div>\n\t\t\t\t\t<\/div>\n\t\t<\/section>\n\t\t\t\t<section class=\"elementor-section elementor-top-section elementor-element elementor-element-d024d3d elementor-section-boxed elementor-section-height-default elementor-section-height-default parallax_section_no qode_elementor_container_no\" data-id=\"d024d3d\" data-element_type=\"section\" data-e-type=\"section\">\n\t\t\t\t\t\t<div class=\"elementor-container elementor-column-gap-default\">\n\t\t\t\t\t<div class=\"elementor-column elementor-col-50 elementor-top-column elementor-element elementor-element-cde1d0a\" data-id=\"cde1d0a\" data-element_type=\"column\" data-e-type=\"column\">\n\t\t\t<div class=\"elementor-widget-wrap elementor-element-populated\">\n\t\t\t\t\t\t<div class=\"elementor-element elementor-element-74f17e1 elementor-widget elementor-widget-text-editor\" data-id=\"74f17e1\" data-element_type=\"widget\" data-e-type=\"widget\" data-widget_type=\"text-editor.default\">\n\t\t\t\t<div class=\"elementor-widget-container\">\n\t\t\t\t\t\t\t\t\t<section data-id=\"8bf5c9c\" data-element_type=\"section\"><div data-id=\"e162640\" data-element_type=\"column\"><div><div data-id=\"6f5018a\" data-element_type=\"widget\" data-widget_type=\"text-editor.default\"><div><p>Lors de notre congr\u00e8s \u201cAu c\u0153ur de l\u2019\u00e9ducation\u201d, des graines ont \u00e9t\u00e9 sem\u00e9es ! Toutes nos graines forment un beau jardin qui m\u00e9ritera d\u2019\u00eatre entretenu ! Nous vous proposons donc des rendez-vous ponctuels,\u00a0en lien avec les th\u00e9matiques du congr\u00e8s,\u00a0pour continuer \u00e0 prendre soin des \u00e9ducateurs que vous \u00eates et enrichir la communaut\u00e9 \u00e9ducative locale que nous formons !\u00a0<\/p><\/div><\/div><\/div><\/div><\/section><section data-id=\"9f38376\" data-element_type=\"section\"><div data-id=\"0c59a4a\" data-element_type=\"column\"><div><div data-id=\"92ed2ef\" data-element_type=\"widget\" data-widget_type=\"text-editor.default\"><div><p>Les rendez-vous \u00e0 venir sont pr\u00e9sent\u00e9s\u00a0<a href=\"https:\/\/asso-innae.fr\/?page_id=2025\" target=\"_blank\" rel=\"noopener\">ici<\/a><\/p><\/div><\/div><\/div><\/div><\/section>\t\t\t\t\t\t\t\t<\/div>\n\t\t\t\t<\/div>\n\t\t\t\t\t<\/div>\n\t\t<\/div>\n\t\t\t\t<div class=\"elementor-column elementor-col-50 elementor-top-column elementor-element elementor-element-964f172\" data-id=\"964f172\" data-element_type=\"column\" data-e-type=\"column\">\n\t\t\t<div class=\"elementor-widget-wrap elementor-element-populated\">\n\t\t\t\t\t\t<div class=\"elementor-element elementor-element-d1f0fa9 elementor-widget elementor-widget-image\" data-id=\"d1f0fa9\" data-element_type=\"widget\" data-e-type=\"widget\" data-widget_type=\"image.default\">\n\t\t\t\t<div class=\"elementor-widget-container\">\n\t\t\t\t\t\t\t\t\t\t\t\t\t\t\t<img fetchpriority=\"high\" decoding=\"async\" width=\"1024\" height=\"500\" src=\"https:\/\/asso-innae.fr\/wp-content\/uploads\/2025\/01\/Sans-titre-1024-x-500-px.png\" class=\"attachment-large size-large wp-image-4415\" alt=\"\" srcset=\"https:\/\/asso-innae.fr\/wp-content\/uploads\/2025\/01\/Sans-titre-1024-x-500-px.png 1024w, https:\/\/asso-innae.fr\/wp-content\/uploads\/2025\/01\/Sans-titre-1024-x-500-px-300x146.png 300w, https:\/\/asso-innae.fr\/wp-content\/uploads\/2025\/01\/Sans-titre-1024-x-500-px-768x375.png 768w, https:\/\/asso-innae.fr\/wp-content\/uploads\/2025\/01\/Sans-titre-1024-x-500-px-700x342.png 700w\" sizes=\"(max-width: 1024px) 100vw, 1024px\" \/>\t\t\t\t\t\t\t\t\t\t\t\t\t\t\t<\/div>\n\t\t\t\t<\/div>\n\t\t\t\t\t<\/div>\n\t\t<\/div>\n\t\t\t\t\t<\/div>\n\t\t<\/section>\n\t\t\t\t<section class=\"elementor-section elementor-top-section elementor-element elementor-element-b7c0345 elementor-section-boxed elementor-section-height-default elementor-section-height-default parallax_section_no qode_elementor_container_no\" data-id=\"b7c0345\" data-element_type=\"section\" data-e-type=\"section\">\n\t\t\t\t\t\t<div class=\"elementor-container elementor-column-gap-default\">\n\t\t\t\t\t<div class=\"elementor-column elementor-col-100 elementor-top-column elementor-element elementor-element-42c52a7\" data-id=\"42c52a7\" data-element_type=\"column\" data-e-type=\"column\">\n\t\t\t<div class=\"elementor-widget-wrap elementor-element-populated\">\n\t\t\t\t\t\t<div class=\"elementor-element elementor-element-780d480 elementor-align-center elementor-widget elementor-widget-button\" data-id=\"780d480\" data-element_type=\"widget\" data-e-type=\"widget\" data-widget_type=\"button.default\">\n\t\t\t\t<div class=\"elementor-widget-container\">\n\t\t\t\t\t\t\t\t\t<div class=\"elementor-button-wrapper\">\n\t\t\t\t\t<a class=\"elementor-button elementor-button-link elementor-size-sm\" href=\"https:\/\/forms.gle\/yxB9rkC5KP35yrK88#\">\n\t\t\t\t\t\t<span class=\"elementor-button-content-wrapper\">\n\t\t\t\t\t\t\t\t\t<span class=\"elementor-button-text\">Recevez nos informations<\/span>\n\t\t\t\t\t<\/span>\n\t\t\t\t\t<\/a>\n\t\t\t\t<\/div>\n\t\t\t\t\t\t\t\t<\/div>\n\t\t\t\t<\/div>\n\t\t\t\t\t<\/div>\n\t\t<\/div>\n\t\t\t\t\t<\/div>\n\t\t<\/section>\n\t\t\t\t<section class=\"elementor-section elementor-top-section elementor-element elementor-element-d2b2899 elementor-section-boxed elementor-section-height-default elementor-section-height-default parallax_section_no qode_elementor_container_no\" data-id=\"d2b2899\" data-element_type=\"section\" data-e-type=\"section\">\n\t\t\t\t\t\t<div class=\"elementor-container elementor-column-gap-default\">\n\t\t\t\t\t<div class=\"elementor-column elementor-col-100 elementor-top-column elementor-element elementor-element-a1fc75c\" data-id=\"a1fc75c\" data-element_type=\"column\" data-e-type=\"column\">\n\t\t\t<div class=\"elementor-widget-wrap\">\n\t\t\t\t\t\t\t<\/div>\n\t\t<\/div>\n\t\t\t\t\t<\/div>\n\t\t<\/section>\n\t\t\t\t<\/div>\n\t\t","protected":false},"excerpt":{"rendered":"<p>Avec InnA\u00c9, ensemble, innovons pour l&#8217;\u00e9ducation ! \u00a0 \u00a0 \u00a0 \u00a0 \u00a0 Etre parent r\u00e9serve beaucoup de bonheur mais est parfois difficile et il n\u2019y a pas d\u2019\u00e9cole pour apprendre \u00e0 \u00e9duquer ! Quand on est professionnel de l\u2019\u00e9ducation, on se rend compte que chaque&#8230;<\/p>\n","protected":false},"author":1,"featured_media":0,"parent":0,"menu_order":0,"comment_status":"closed","ping_status":"closed","template":"full_width.php","meta":{"footnotes":""},"class_list":["post-59","page","type-page","status-publish","hentry"],"_links":{"self":[{"href":"https:\/\/asso-innae.fr\/index.php?rest_route=\/wp\/v2\/pages\/59","targetHints":{"allow":["GET"]}}],"collection":[{"href":"https:\/\/asso-innae.fr\/index.php?rest_route=\/wp\/v2\/pages"}],"about":[{"href":"https:\/\/asso-innae.fr\/index.php?rest_route=\/wp\/v2\/types\/page"}],"author":[{"embeddable":true,"href":"https:\/\/asso-innae.fr\/index.php?rest_route=\/wp\/v2\/users\/1"}],"replies":[{"embeddable":true,"href":"https:\/\/asso-innae.fr\/index.php?rest_route=%2Fwp%2Fv2%2Fcomments&post=59"}],"version-history":[{"count":315,"href":"https:\/\/asso-innae.fr\/index.php?rest_route=\/wp\/v2\/pages\/59\/revisions"}],"predecessor-version":[{"id":4473,"href":"https:\/\/asso-innae.fr\/index.php?rest_route=\/wp\/v2\/pages\/59\/revisions\/4473"}],"wp:attachment":[{"href":"https:\/\/asso-innae.fr\/index.php?rest_route=%2Fwp%2Fv2%2Fmedia&parent=59"}],"curies":[{"name":"wp","href":"https:\/\/api.w.org\/{rel}","templated":true}]}}