{"id":222,"date":"2020-05-20T10:13:11","date_gmt":"2020-05-20T08:13:11","guid":{"rendered":"https:\/\/bridge365.qodeinteractive.com\/?page_id=222"},"modified":"2026-01-18T22:22:45","modified_gmt":"2026-01-18T21:22:45","slug":"nous","status":"publish","type":"page","link":"https:\/\/asso-innae.fr\/?page_id=222","title":{"rendered":"Association InnA\u00c9"},"content":{"rendered":"\t\t<div data-elementor-type=\"wp-page\" data-elementor-id=\"222\" class=\"elementor elementor-222\">\n\t\t\t\t\t\t<section class=\"elementor-section elementor-top-section elementor-element elementor-element-6e63856 elementor-section-full_width qode_elementor_container_inner elementor-section-height-default elementor-section-height-default parallax_section_no\" data-id=\"6e63856\" data-element_type=\"section\" data-e-type=\"section\">\n\t\t\t\t\t\t<div class=\"elementor-container elementor-column-gap-no\">\n\t\t\t\t\t<div class=\"elementor-column elementor-col-100 elementor-top-column elementor-element elementor-element-47cbbc2\" data-id=\"47cbbc2\" data-element_type=\"column\" data-e-type=\"column\">\n\t\t\t<div class=\"elementor-widget-wrap elementor-element-populated\">\n\t\t\t\t\t\t<div class=\"elementor-element elementor-element-f95c38c elementor-widget elementor-widget-menu-anchor\" data-id=\"f95c38c\" data-element_type=\"widget\" data-e-type=\"widget\" data-widget_type=\"menu-anchor.default\">\n\t\t\t\t<div class=\"elementor-widget-container\">\n\t\t\t\t\t\t\t<div class=\"elementor-menu-anchor\" id=\"association\"><\/div>\n\t\t\t\t\t\t<\/div>\n\t\t\t\t<\/div>\n\t\t\t\t<div class=\"elementor-element elementor-element-96e3fe2 elementor-widget elementor-widget-text-editor\" data-id=\"96e3fe2\" data-element_type=\"widget\" data-e-type=\"widget\" data-widget_type=\"text-editor.default\">\n\t\t\t\t<div class=\"elementor-widget-container\">\n\t\t\t\t\t\t\t\t\t<h3>Association InnA\u00c9 ?<\/h3>\t\t\t\t\t\t\t\t<\/div>\n\t\t\t\t<\/div>\n\t\t\t\t<section class=\"elementor-section elementor-inner-section elementor-element elementor-element-302c359 elementor-section-boxed elementor-section-height-default elementor-section-height-default parallax_section_no qode_elementor_container_no\" data-id=\"302c359\" data-element_type=\"section\" data-e-type=\"section\">\n\t\t\t\t\t\t<div class=\"elementor-container elementor-column-gap-default\">\n\t\t\t\t\t<div class=\"elementor-column elementor-col-50 elementor-inner-column elementor-element elementor-element-0bd02e9\" data-id=\"0bd02e9\" data-element_type=\"column\" data-e-type=\"column\">\n\t\t\t<div class=\"elementor-widget-wrap elementor-element-populated\">\n\t\t\t\t\t\t<div class=\"elementor-element elementor-element-a084b97 elementor-widget elementor-widget-image\" data-id=\"a084b97\" data-element_type=\"widget\" data-e-type=\"widget\" data-widget_type=\"image.default\">\n\t\t\t\t<div class=\"elementor-widget-container\">\n\t\t\t\t\t\t\t\t\t\t\t\t\t\t\t<img fetchpriority=\"high\" decoding=\"async\" width=\"768\" height=\"631\" src=\"https:\/\/asso-innae.fr\/wp-content\/uploads\/2023\/09\/IMG_0632-768x631.jpg\" class=\"attachment-medium_large size-medium_large wp-image-4065\" alt=\"\" srcset=\"https:\/\/asso-innae.fr\/wp-content\/uploads\/2023\/09\/IMG_0632-768x631.jpg 768w, https:\/\/asso-innae.fr\/wp-content\/uploads\/2023\/09\/IMG_0632-300x246.jpg 300w, https:\/\/asso-innae.fr\/wp-content\/uploads\/2023\/09\/IMG_0632-1024x841.jpg 1024w, https:\/\/asso-innae.fr\/wp-content\/uploads\/2023\/09\/IMG_0632-1536x1261.jpg 1536w, https:\/\/asso-innae.fr\/wp-content\/uploads\/2023\/09\/IMG_0632-700x575.jpg 700w, https:\/\/asso-innae.fr\/wp-content\/uploads\/2023\/09\/IMG_0632.jpg 2000w\" sizes=\"(max-width: 768px) 100vw, 768px\" \/>\t\t\t\t\t\t\t\t\t\t\t\t\t\t\t<\/div>\n\t\t\t\t<\/div>\n\t\t\t\t\t<\/div>\n\t\t<\/div>\n\t\t\t\t<div class=\"elementor-column elementor-col-50 elementor-inner-column elementor-element elementor-element-2dd3b04\" data-id=\"2dd3b04\" data-element_type=\"column\" data-e-type=\"column\">\n\t\t\t<div class=\"elementor-widget-wrap elementor-element-populated\">\n\t\t\t\t\t\t<div class=\"elementor-element elementor-element-897d347 elementor-drop-cap-yes elementor-drop-cap-view-default elementor-widget elementor-widget-text-editor\" data-id=\"897d347\" data-element_type=\"widget\" data-e-type=\"widget\" data-settings=\"{&quot;drop_cap&quot;:&quot;yes&quot;}\" data-widget_type=\"text-editor.default\">\n\t\t\t\t<div class=\"elementor-widget-container\">\n\t\t\t\t\t\t\t\t\t<p style=\"text-align: justify;\">Quoi de plus essentiel que l\u2019\u00e9ducation ?!<\/p><p style=\"text-align: justify;\">\u00a0Parents, grand-parents, oncles et tantes, amis, professionnels de tout horizon, nous sommes nombreux \u00e0 interagir avec des enfants et des adolescents ! Ils apprennent de nous et nous apprenons d\u2019eux, ils nous remettent en question, nous bousculent dans nos certitudes et nos actions !<\/p><p style=\"text-align: justify;\">Quand on devient <b>parent<\/b>, tout ce qu\u2019on avait connu se transforme, l\u2019enfant avec ses besoins et ses r\u00e9actions bien \u00e0 lui vient nous bousculer et m\u00eame nous pousser dans nos retranchements.<\/p>\t\t\t\t\t\t\t\t<\/div>\n\t\t\t\t<\/div>\n\t\t\t\t\t<\/div>\n\t\t<\/div>\n\t\t\t\t\t<\/div>\n\t\t<\/section>\n\t\t\t\t<div class=\"elementor-element elementor-element-1907dad elementor-widget elementor-widget-text-editor\" data-id=\"1907dad\" data-element_type=\"widget\" data-e-type=\"widget\" data-widget_type=\"text-editor.default\">\n\t\t\t\t<div class=\"elementor-widget-container\">\n\t\t\t\t\t\t\t\t\t<p style=\"text-align: left;\">Etre parent r\u00e9serve beaucoup de bonheur mais est parfois difficile et il n\u2019y a pas d\u2019\u00e9cole pour apprendre \u00e0 \u00e9duquer !\u00a0Quand on est un professionnel de l\u2019\u00e9ducation, on se rend compte que chaque enfant est diff\u00e9rent et que le sujet de l\u2019\u00e9ducation m\u00e9rite un questionnement permanent.\u00a0Alors pourquoi ne pas profiter de ces interactions pour nous enrichir et grandir avec eux ? Mais souvent nos envies se confrontent \u00e0 la r\u00e9alit\u00e9, et nos valeurs sont parfois mises \u00e0 mal dans la pratique du quotidien !<\/p><p style=\"text-align: left;\"><span style=\"background-color: #ffffff;\">Aussi, \u00e0 l\u2019heure o\u00f9 le monde \u00e9volue beaucoup, o\u00f9 on parle de transition \u00e9cologique, nous voyons se construire aussi une<\/span><strong>\u00a0transition \u00e9ducative<\/strong><span style=\"background-color: #ffffff;\"> qui n\u2019est plus seulement en lien avec des choix id\u00e9ologiques mais aussi avec une meilleure connaissance des besoins r\u00e9els des enfants et des adolescents. Il est important de faire conna\u00eetre et interroger les \u00e9volutions et les nouvelles pratiques, afin que chacun puisse y trouver ce qui lui convient. L\u2019enjeu collectif est la construction de la soci\u00e9t\u00e9 de demain car des enfants plus \u00e9panouis construiront une soci\u00e9t\u00e9 plus juste et plus respectueuse du vivant !<\/span><\/p><p style=\"text-align: left;\">\u00a0C\u2019est partant de cela que l\u2019association InnA\u00c9 est n\u00e9e en Franche Comt\u00e9, \u00e0 Besan\u00e7on !\u00a0<span style=\"color: #222222; font-family: Merriweather, serif; font-size: 11.5pt; white-space: pre-wrap; background-color: #ffffff;\">\u00a0Dans un cadre la\u00efc et en dehors de tout mouvement politique,\u00a0 InnAE, propose un espace pour favoriser le questionnement, l&#8217;\u00e9change et l&#8217;apprentissage afin d\u2019enrichir ses savoirs faire et savoirs \u00eatre en mati\u00e8re d\u2019\u00e9ducation.<\/span><\/p><p style=\"text-align: left;\"><span style=\"text-align: center; background-color: #ffffff;\">Dans cette intention, nous\u00a0organisons un congr\u00e8s bisannuel et des Jard&#8217;InnA\u00c9 ! <\/span><\/p><p style=\"text-align: left;\"><span style=\"text-align: center; background-color: #ffffff;\">En famille et\/ou dans un cadre professionnel, nous esp\u00e9rons que nos actions vont vous soutenir dans votre r\u00e9flexion et dans vos actions aupr\u00e8s des enfants et des adolescents que vous accompagnez !<\/span><\/p><p style=\"text-align: justify;\">\u00a0<\/p>\t\t\t\t\t\t\t\t<\/div>\n\t\t\t\t<\/div>\n\t\t\t\t<div class=\"elementor-element elementor-element-d533213 elementor-widget elementor-widget-spacer\" data-id=\"d533213\" data-element_type=\"widget\" data-e-type=\"widget\" data-widget_type=\"spacer.default\">\n\t\t\t\t<div class=\"elementor-widget-container\">\n\t\t\t\t\t\t\t<div class=\"elementor-spacer\">\n\t\t\t<div class=\"elementor-spacer-inner\"><\/div>\n\t\t<\/div>\n\t\t\t\t\t\t<\/div>\n\t\t\t\t<\/div>\n\t\t\t\t\t<\/div>\n\t\t<\/div>\n\t\t\t\t\t<\/div>\n\t\t<\/section>\n\t\t\t\t<section class=\"elementor-section elementor-top-section elementor-element elementor-element-0c68452 elementor-section-boxed elementor-section-height-default elementor-section-height-default parallax_section_no qode_elementor_container_no\" data-id=\"0c68452\" data-element_type=\"section\" data-e-type=\"section\">\n\t\t\t\t\t\t<div class=\"elementor-container elementor-column-gap-default\">\n\t\t\t\t\t<div class=\"elementor-column elementor-col-100 elementor-top-column elementor-element elementor-element-30bdd46\" data-id=\"30bdd46\" data-element_type=\"column\" data-e-type=\"column\">\n\t\t\t<div class=\"elementor-widget-wrap elementor-element-populated\">\n\t\t\t\t\t\t<div class=\"elementor-element elementor-element-f55d733 elementor-widget elementor-widget-menu-anchor\" data-id=\"f55d733\" data-element_type=\"widget\" data-e-type=\"widget\" data-widget_type=\"menu-anchor.default\">\n\t\t\t\t<div class=\"elementor-widget-container\">\n\t\t\t\t\t\t\t<div class=\"elementor-menu-anchor\" id=\"adherer\"><\/div>\n\t\t\t\t\t\t<\/div>\n\t\t\t\t<\/div>\n\t\t\t\t<div class=\"elementor-element elementor-element-c4a6302 elementor-widget elementor-widget-text-editor\" data-id=\"c4a6302\" data-element_type=\"widget\" data-e-type=\"widget\" data-widget_type=\"text-editor.default\">\n\t\t\t\t<div class=\"elementor-widget-container\">\n\t\t\t\t\t\t\t\t\t<h3>Adh\u00e9rer \u00e0 l&#8217;association<\/h3><div>\u00a0<\/div><p><span style=\"color: #2d2e5c; font-family: 'Open Sans', 'Segoe UI', HelveticaNeue-Light, 'Helvetica Neue Light', 'Helvetica Neue', Helvetica, Arial, sans-serif; font-size: 18px; font-weight: 600; background-color: #ffffff;\">Adh\u00e9sion individuelle pour l&#8217;ann\u00e9e civile : 12\u20ac<\/span><\/p><p><span style=\"color: #2d2e5c; font-family: 'Open Sans', 'Segoe UI', HelveticaNeue-Light, 'Helvetica Neue Light', 'Helvetica Neue', Helvetica, Arial, sans-serif; font-size: 18px; font-weight: 600; background-color: #ffffff;\">Adh\u00e9sion d&#8217;une structure pour l&#8217;ann\u00e9e civile : 25\u20ac<\/span><\/p><p><span style=\"color: #2d2e5c; font-family: 'Open Sans', 'Segoe UI', HelveticaNeue-Light, 'Helvetica Neue Light', 'Helvetica Neue', Helvetica, Arial, sans-serif; font-size: 18px; font-weight: 600; background-color: #ffffff;\">\u00a0<\/span><\/p><p>Pour adh\u00e9rer \u00e0 l&#8217;association InnA\u00c9, il vous suffit de r\u00e9pondre \u00e0 quelques questions et de faire un r\u00e8glement\u00a0<span style=\"background-color: #ffffff; font-weight: var( --e-global-typography-text-font-weight );\">s\u00e9curis\u00e9<\/span>\u00a0en ligne.<\/p>\t\t\t\t\t\t\t\t<\/div>\n\t\t\t\t<\/div>\n\t\t\t\t<div class=\"elementor-element elementor-element-b55604e elementor-align-left elementor-widget elementor-widget-button\" data-id=\"b55604e\" data-element_type=\"widget\" data-e-type=\"widget\" data-widget_type=\"button.default\">\n\t\t\t\t<div class=\"elementor-widget-container\">\n\t\t\t\t\t\t\t\t\t<div class=\"elementor-button-wrapper\">\n\t\t\t\t\t<a class=\"elementor-button elementor-button-link elementor-size-sm\" href=\"https:\/\/www.helloasso.com\/associations\/innov-actions-educatives\/adhesions\/bulletin-d-adhesion-2026\">\n\t\t\t\t\t\t<span class=\"elementor-button-content-wrapper\">\n\t\t\t\t\t\t\t\t\t<span class=\"elementor-button-text\">J'adh\u00e8re<\/span>\n\t\t\t\t\t<\/span>\n\t\t\t\t\t<\/a>\n\t\t\t\t<\/div>\n\t\t\t\t\t\t\t\t<\/div>\n\t\t\t\t<\/div>\n\t\t\t\t\t<\/div>\n\t\t<\/div>\n\t\t\t\t\t<\/div>\n\t\t<\/section>\n\t\t\t\t<section class=\"elementor-section elementor-top-section elementor-element elementor-element-2d8d8df elementor-section-boxed elementor-section-height-default elementor-section-height-default parallax_section_no qode_elementor_container_no\" data-id=\"2d8d8df\" data-element_type=\"section\" data-e-type=\"section\">\n\t\t\t\t\t\t<div class=\"elementor-container elementor-column-gap-default\">\n\t\t\t\t\t<div class=\"elementor-column elementor-col-100 elementor-top-column elementor-element elementor-element-2a0b662\" data-id=\"2a0b662\" data-element_type=\"column\" data-e-type=\"column\">\n\t\t\t<div class=\"elementor-widget-wrap\">\n\t\t\t\t\t\t\t<\/div>\n\t\t<\/div>\n\t\t\t\t\t<\/div>\n\t\t<\/section>\n\t\t\t\t<section class=\"elementor-section elementor-top-section elementor-element elementor-element-1e88a6f elementor-section-boxed elementor-section-height-default elementor-section-height-default parallax_section_no qode_elementor_container_no\" data-id=\"1e88a6f\" data-element_type=\"section\" data-e-type=\"section\">\n\t\t\t\t\t\t<div class=\"elementor-container elementor-column-gap-default\">\n\t\t\t\t\t<div class=\"elementor-column elementor-col-100 elementor-top-column elementor-element elementor-element-7fd6b55\" data-id=\"7fd6b55\" data-element_type=\"column\" data-e-type=\"column\">\n\t\t\t<div class=\"elementor-widget-wrap elementor-element-populated\">\n\t\t\t\t\t\t<div class=\"elementor-element elementor-element-a9d035e elementor-widget elementor-widget-spacer\" data-id=\"a9d035e\" data-element_type=\"widget\" data-e-type=\"widget\" data-widget_type=\"spacer.default\">\n\t\t\t\t<div class=\"elementor-widget-container\">\n\t\t\t\t\t\t\t<div class=\"elementor-spacer\">\n\t\t\t<div class=\"elementor-spacer-inner\"><\/div>\n\t\t<\/div>\n\t\t\t\t\t\t<\/div>\n\t\t\t\t<\/div>\n\t\t\t\t\t<\/div>\n\t\t<\/div>\n\t\t\t\t\t<\/div>\n\t\t<\/section>\n\t\t\t\t<\/div>\n\t\t","protected":false},"excerpt":{"rendered":"<p>Association InnA\u00c9 ? Quoi de plus essentiel que l\u2019\u00e9ducation ?! \u00a0Parents, grand-parents, oncles et tantes, amis, professionnels de tout horizon, nous sommes nombreux \u00e0 interagir avec des enfants et des adolescents ! Ils apprennent de nous et nous apprenons d\u2019eux, ils nous remettent en question,&#8230;<\/p>\n","protected":false},"author":1,"featured_media":0,"parent":0,"menu_order":0,"comment_status":"closed","ping_status":"closed","template":"full_width.php","meta":{"footnotes":""},"class_list":["post-222","page","type-page","status-publish","hentry"],"_links":{"self":[{"href":"https:\/\/asso-innae.fr\/index.php?rest_route=\/wp\/v2\/pages\/222","targetHints":{"allow":["GET"]}}],"collection":[{"href":"https:\/\/asso-innae.fr\/index.php?rest_route=\/wp\/v2\/pages"}],"about":[{"href":"https:\/\/asso-innae.fr\/index.php?rest_route=\/wp\/v2\/types\/page"}],"author":[{"embeddable":true,"href":"https:\/\/asso-innae.fr\/index.php?rest_route=\/wp\/v2\/users\/1"}],"replies":[{"embeddable":true,"href":"https:\/\/asso-innae.fr\/index.php?rest_route=%2Fwp%2Fv2%2Fcomments&post=222"}],"version-history":[{"count":211,"href":"https:\/\/asso-innae.fr\/index.php?rest_route=\/wp\/v2\/pages\/222\/revisions"}],"predecessor-version":[{"id":4540,"href":"https:\/\/asso-innae.fr\/index.php?rest_route=\/wp\/v2\/pages\/222\/revisions\/4540"}],"wp:attachment":[{"href":"https:\/\/asso-innae.fr\/index.php?rest_route=%2Fwp%2Fv2%2Fmedia&parent=222"}],"curies":[{"name":"wp","href":"https:\/\/api.w.org\/{rel}","templated":true}]}}