{"id":1974,"date":"2022-04-15T19:36:31","date_gmt":"2022-04-15T17:36:31","guid":{"rendered":"https:\/\/asso-innae.fr\/?page_id=1974"},"modified":"2023-09-24T11:19:06","modified_gmt":"2023-09-24T09:19:06","slug":"on-parle-de-nous","status":"publish","type":"page","link":"https:\/\/asso-innae.fr\/?page_id=1974","title":{"rendered":"On parle de nous"},"content":{"rendered":"\t\t<div data-elementor-type=\"wp-page\" data-elementor-id=\"1974\" class=\"elementor elementor-1974\">\n\t\t\t\t\t\t<section class=\"elementor-section elementor-top-section elementor-element elementor-element-585d361 elementor-section-boxed elementor-section-height-default elementor-section-height-default parallax_section_no qode_elementor_container_no\" data-id=\"585d361\" data-element_type=\"section\" data-e-type=\"section\">\n\t\t\t\t\t\t<div class=\"elementor-container elementor-column-gap-default\">\n\t\t\t\t\t<div class=\"elementor-column elementor-col-100 elementor-top-column elementor-element elementor-element-337eac7\" data-id=\"337eac7\" data-element_type=\"column\" data-e-type=\"column\">\n\t\t\t<div class=\"elementor-widget-wrap elementor-element-populated\">\n\t\t\t\t\t\t<div class=\"elementor-element elementor-element-59b3cce elementor-widget elementor-widget-spacer\" data-id=\"59b3cce\" data-element_type=\"widget\" data-e-type=\"widget\" data-widget_type=\"spacer.default\">\n\t\t\t\t<div class=\"elementor-widget-container\">\n\t\t\t\t\t\t\t<div class=\"elementor-spacer\">\n\t\t\t<div class=\"elementor-spacer-inner\"><\/div>\n\t\t<\/div>\n\t\t\t\t\t\t<\/div>\n\t\t\t\t<\/div>\n\t\t\t\t<div class=\"elementor-element elementor-element-105e2de elementor-widget elementor-widget-text-editor\" data-id=\"105e2de\" data-element_type=\"widget\" data-e-type=\"widget\" data-widget_type=\"text-editor.default\">\n\t\t\t\t<div class=\"elementor-widget-container\">\n\t\t\t\t\t\t\t\t\t<p>Lorem ipsum dolor sit amet, consectetur adipiscing elit. Ut elit tellus, luctus nec ullamcorper mattis, pulvinar dapibus leo.<\/p>\t\t\t\t\t\t\t\t<\/div>\n\t\t\t\t<\/div>\n\t\t\t\t<div class=\"elementor-element elementor-element-2b139ad elementor-widget elementor-widget-bridge_latest_posts\" data-id=\"2b139ad\" data-element_type=\"widget\" data-e-type=\"widget\" data-widget_type=\"bridge_latest_posts.default\">\n\t\t\t\t<div class=\"elementor-widget-container\">\n\t\t\t\t\t\n<div class='latest_post_holder boxes  two_rows' >\n    <ul>\n    \n        <li class=\"clearfix\">\n            <div class=\"boxes_image\">\n                                <a itemprop=\"url\" href=\"https:\/\/asso-innae.fr\/?p=1977\"><img fetchpriority=\"high\" decoding=\"async\" width=\"539\" height=\"303\" src=\"https:\/\/asso-innae.fr\/wp-content\/uploads\/2021\/03\/affiche-inneav-L-539x303.jpg\" class=\"attachment-latest_post_boxes size-latest_post_boxes wp-post-image\" alt=\"\" \/><\/a>\n            <\/div>\n            <div class=\"latest_post\"  >\n                <div class=\"latest_post_text\">\n                    <div class=\"latest_post_inner\">\n                        <div class=\"latest_post_text_inner\">\n                            <h3 itemprop=\"name\" class=\"latest_post_title entry_title\"><a itemprop=\"url\" href=\"https:\/\/asso-innae.fr\/?p=1977\">Marie Costa l\u2019invit\u00e9e de l\u2019Happy Hour<\/a><\/h3>\n                            <p class=\"excerpt\">Ecoutez le replay ici : https:\/\/www.francebleu.fr\/emissions\/l-invite-de-l-happy-hour\/besancon\/l-invite-de-l-happy-hour-175...<\/p>\n                            <span class=\"post_infos\">\n                                                                                                \n                                \n                                                            <\/span>\n                        <\/div>\n                    <\/div>\n                <\/div>\n            <\/div>\n        <\/li>\n    \n        <li class=\"clearfix\">\n            <div class=\"boxes_image\">\n                                <a itemprop=\"url\" href=\"https:\/\/asso-innae.fr\/?p=1990\"><img decoding=\"async\" width=\"539\" height=\"303\" src=\"https:\/\/asso-innae.fr\/wp-content\/uploads\/2022\/04\/ils-changent-lecole-539x303.png\" class=\"attachment-latest_post_boxes size-latest_post_boxes wp-post-image\" alt=\"\" srcset=\"https:\/\/asso-innae.fr\/wp-content\/uploads\/2022\/04\/ils-changent-lecole-539x303.png 539w, https:\/\/asso-innae.fr\/wp-content\/uploads\/2022\/04\/ils-changent-lecole-300x169.png 300w, https:\/\/asso-innae.fr\/wp-content\/uploads\/2022\/04\/ils-changent-lecole-1024x575.png 1024w, https:\/\/asso-innae.fr\/wp-content\/uploads\/2022\/04\/ils-changent-lecole-768x431.png 768w, https:\/\/asso-innae.fr\/wp-content\/uploads\/2022\/04\/ils-changent-lecole-1536x863.png 1536w, https:\/\/asso-innae.fr\/wp-content\/uploads\/2022\/04\/ils-changent-lecole-2048x1151.png 2048w, https:\/\/asso-innae.fr\/wp-content\/uploads\/2022\/04\/ils-changent-lecole-700x393.png 700w\" sizes=\"(max-width: 539px) 100vw, 539px\" \/><\/a>\n            <\/div>\n            <div class=\"latest_post\"  >\n                <div class=\"latest_post_text\">\n                    <div class=\"latest_post_inner\">\n                        <div class=\"latest_post_text_inner\">\n                            <h3 itemprop=\"name\" class=\"latest_post_title entry_title\"><a itemprop=\"url\" href=\"https:\/\/asso-innae.fr\/?p=1990\">Florent Tissot et Gwladys Duchanois<\/a><\/h3>\n                            <p class=\"excerpt\">Ecoutez le replay ici : https:\/\/www.francebleu.fr\/emissions\/l-invite-de-l-happy-hour\/besancon\/l-invite-de-l-happy-hour-175...<\/p>\n                            <span class=\"post_infos\">\n                                                                                                \n                                \n                                                            <\/span>\n                        <\/div>\n                    <\/div>\n                <\/div>\n            <\/div>\n        <\/li>\n    \n        <li class=\"clearfix\">\n            <div class=\"boxes_image\">\n                                <a itemprop=\"url\" href=\"https:\/\/asso-innae.fr\/?p=1997\"><img decoding=\"async\" width=\"539\" height=\"303\" src=\"https:\/\/asso-innae.fr\/wp-content\/uploads\/2021\/09\/article-EstRep_20210927-539x303.jpg\" class=\"attachment-latest_post_boxes size-latest_post_boxes wp-post-image\" alt=\"\" \/><\/a>\n            <\/div>\n            <div class=\"latest_post\"  >\n                <div class=\"latest_post_text\">\n                    <div class=\"latest_post_inner\">\n                        <div class=\"latest_post_text_inner\">\n                            <h3 itemprop=\"name\" class=\"latest_post_title entry_title\"><a itemprop=\"url\" href=\"https:\/\/asso-innae.fr\/?p=1997\">Un congr\u00e8s &#8220;Au c\u0153ur de l&#8217;\u00e9ducation&#8221;<\/a><\/h3>\n                            <p class=\"excerpt\">Ecoutez le replay ici : https:\/\/www.francebleu.fr\/emissions\/l-invite-de-l-happy-hour\/besancon\/l-invite-de-l-happy-hour-175...<\/p>\n                            <span class=\"post_infos\">\n                                                                                                \n                                \n                                                            <\/span>\n                        <\/div>\n                    <\/div>\n                <\/div>\n            <\/div>\n        <\/li>\n    \n        <li class=\"clearfix\">\n            <div class=\"boxes_image\">\n                                <a itemprop=\"url\" href=\"https:\/\/asso-innae.fr\/?p=1985\"><img fetchpriority=\"high\" decoding=\"async\" width=\"539\" height=\"303\" src=\"https:\/\/asso-innae.fr\/wp-content\/uploads\/2021\/03\/affiche-inneav-L-539x303.jpg\" class=\"attachment-latest_post_boxes size-latest_post_boxes wp-post-image\" alt=\"\" \/><\/a>\n            <\/div>\n            <div class=\"latest_post\"  >\n                <div class=\"latest_post_text\">\n                    <div class=\"latest_post_inner\">\n                        <div class=\"latest_post_text_inner\">\n                            <h3 itemprop=\"name\" class=\"latest_post_title entry_title\"><a itemprop=\"url\" href=\"https:\/\/asso-innae.fr\/?p=1985\">Laure Geisler l\u2019invit\u00e9e de l\u2019Happy Hour<\/a><\/h3>\n                            <p class=\"excerpt\">Ecoutez le replay ici : https:\/\/www.francebleu.fr\/emissions\/l-invite-de-l-happy-hour\/besancon\/l-invite-de-l-happy-hour-175...<\/p>\n                            <span class=\"post_infos\">\n                                                                                                \n                                \n                                                            <\/span>\n                        <\/div>\n                    <\/div>\n                <\/div>\n            <\/div>\n        <\/li>\n    \n        <li class=\"clearfix\">\n            <div class=\"boxes_image\">\n                                <a itemprop=\"url\" href=\"https:\/\/asso-innae.fr\/?p=2008\"><img loading=\"lazy\" decoding=\"async\" width=\"418\" height=\"234\" src=\"https:\/\/asso-innae.fr\/wp-content\/uploads\/2021\/10\/BVV.png\" class=\"attachment-latest_post_boxes size-latest_post_boxes wp-post-image\" alt=\"\" srcset=\"https:\/\/asso-innae.fr\/wp-content\/uploads\/2021\/10\/BVV.png 418w, https:\/\/asso-innae.fr\/wp-content\/uploads\/2021\/10\/BVV-300x168.png 300w\" sizes=\"(max-width: 418px) 100vw, 418px\" \/><\/a>\n            <\/div>\n            <div class=\"latest_post\"  >\n                <div class=\"latest_post_text\">\n                    <div class=\"latest_post_inner\">\n                        <div class=\"latest_post_text_inner\">\n                            <h3 itemprop=\"name\" class=\"latest_post_title entry_title\"><a itemprop=\"url\" href=\"https:\/\/asso-innae.fr\/?p=2008\">InnAE pr\u00e9sente le congr\u00e8s<\/a><\/h3>\n                            <p class=\"excerpt\">Ecoutez le replay ici : https:\/\/www.francebleu.fr\/emissions\/l-invite-de-l-happy-hour\/besancon\/l-invite-de-l-happy-hour-175...<\/p>\n                            <span class=\"post_infos\">\n                                                                                                \n                                \n                                                            <\/span>\n                        <\/div>\n                    <\/div>\n                <\/div>\n            <\/div>\n        <\/li>\n        <\/ul>\n<\/div>\t\t\t\t<\/div>\n\t\t\t\t<\/div>\n\t\t\t\t\t<\/div>\n\t\t<\/div>\n\t\t\t\t\t<\/div>\n\t\t<\/section>\n\t\t\t\t<\/div>\n\t\t","protected":false},"excerpt":{"rendered":"<p>Lorem ipsum dolor sit amet, consectetur adipiscing elit. Ut elit tellus, luctus nec ullamcorper mattis, pulvinar dapibus leo. Marie Costa l\u2019invit\u00e9e de l\u2019Happy Hour Ecoutez le replay ici : https:\/\/www.francebleu.fr\/emissions\/l-invite-de-l-happy-hour\/besancon\/l-invite-de-l-happy-hour-175&#8230; Florent Tissot et Gwladys Duchanois Ecoutez le replay ici : https:\/\/www.francebleu.fr\/emissions\/l-invite-de-l-happy-hour\/besancon\/l-invite-de-l-happy-hour-175&#8230; Un congr\u00e8s &#8220;Au c\u0153ur&#8230;<\/p>\n","protected":false},"author":1,"featured_media":0,"parent":0,"menu_order":0,"comment_status":"closed","ping_status":"closed","template":"full_width.php","meta":{"footnotes":""},"class_list":["post-1974","page","type-page","status-publish","hentry"],"_links":{"self":[{"href":"https:\/\/asso-innae.fr\/index.php?rest_route=\/wp\/v2\/pages\/1974","targetHints":{"allow":["GET"]}}],"collection":[{"href":"https:\/\/asso-innae.fr\/index.php?rest_route=\/wp\/v2\/pages"}],"about":[{"href":"https:\/\/asso-innae.fr\/index.php?rest_route=\/wp\/v2\/types\/page"}],"author":[{"embeddable":true,"href":"https:\/\/asso-innae.fr\/index.php?rest_route=\/wp\/v2\/users\/1"}],"replies":[{"embeddable":true,"href":"https:\/\/asso-innae.fr\/index.php?rest_route=%2Fwp%2Fv2%2Fcomments&post=1974"}],"version-history":[{"count":11,"href":"https:\/\/asso-innae.fr\/index.php?rest_route=\/wp\/v2\/pages\/1974\/revisions"}],"predecessor-version":[{"id":4046,"href":"https:\/\/asso-innae.fr\/index.php?rest_route=\/wp\/v2\/pages\/1974\/revisions\/4046"}],"wp:attachment":[{"href":"https:\/\/asso-innae.fr\/index.php?rest_route=%2Fwp%2Fv2%2Fmedia&parent=1974"}],"curies":[{"name":"wp","href":"https:\/\/api.w.org\/{rel}","templated":true}]}}